{"id":1133,"date":"2014-06-03T12:53:41","date_gmt":"2014-06-03T17:53:41","guid":{"rendered":"http:\/\/localhost:82\/sites\/acomba-pprod\/?page_id=1133"},"modified":"2026-02-26T18:37:41","modified_gmt":"2026-02-26T23:37:41","slug":"odbc-for-acomba","status":"publish","type":"page","link":"https:\/\/www.acomba.com\/en\/additional-modules\/odbc-for-acomba\/","title":{"rendered":"ODBC for Acomba"},"content":{"rendered":"<div class=\"col-md-8 pl0\">\r\n    <h3>With the ODBC for Acomba you enjoy a level of access to Acomba data never before possible.<\/h3>\r\n    <div class=\"ModulePage__description\">\r\n        <h4>Use standard Microsoft tools to create custom reports and applications.<\/h4>\r\n        <p>Whether you are a programmer or an experienced user, the ODBC for Acomba will help you quickly create reports and applications for your specific needs.<\/p>\r\n        <h4>Preparing Reports<\/h4>\r\n        <p>Develop the reports you need using specialized utilities such as Crystal Report and Access. These tools are very powerful and, used with the ODBC for Acomba, they allow you to quickly produce reports in the format you desire.<\/p>\r\n        <p><img decoding=\"async\" class=\"img-responsive center-mobile\" src=\"\/wp-content\/themes\/acomba\/images\/image1-384x273.png\" alt=\"Pr\u00e9parez des rapports\"><\/p>\r\n        <h4>Importing and Exporting Data<\/h4>\r\n        <p>The ODBC for Acomba gives you read\/write access to most Acomba data tables. You can, therefore, import or export data with or without making transformations using a program such as Access.<\/p>\r\n        <p><img decoding=\"async\" class=\"img-responsive center-mobile\" src=\"\/wp-content\/themes\/acomba\/images\/image2-384x296.png\" alt=\"Importez ou exportez des donn\u00e9es\"><\/p>\r\n        <h4>Developing In-house Applications without the SDK<\/h4>\r\n        <p>Using the ODBC for Acomba, you can now develop Acomba-compatible solutions without using the SDK. You can use development environments such as Visual Basic, Delphi or Access and benefit from the available advanced screen and report generation functions.<\/p>\r\n        <ul>\r\n            <li>Query and update data using standard SQL queries<\/li>\r\n            <li>Use wizards to create screens and reports<\/li>\r\n            <li>Use controls in bind mode<\/li>\r\n            <li>Connect to Acomba with DAO or ADO using an ODBC provider<\/li>\r\n        <\/ul>\r\n        <p><img decoding=\"async\" class=\"img-responsive center-mobile\" src=\"\/wp-content\/themes\/acomba\/images\/image3-383x324.png\" alt=\"D\u00e9veloppez vous-m\u00eame vos applications sans conna\u00eetre le SDK\"><\/p>\r\n        <h4>Integrating Microsoft Office<\/h4>\r\n        <p>Using external data access options available in the Microsoft Office Suite, you can increase your productivity.<\/p>\r\n        <h4>Here are a few example applications:<\/h4>\r\n        <ul>\r\n            <li>Import compatible data into Excel for analysis or to create graphic representations<\/li>\r\n            <li>Merge data with Word to print envelopes, labels, catalogs or personalized letters<\/li>\r\n            <li>Develop reports or applications using Access<\/li>\r\n            <li>Update your contact list in Outlook by directly importing your Acomba customer and supplier lists<\/li>\r\n        <\/ul>\r\n        <p><img decoding=\"async\" class=\"img-responsive center-mobile\" src=\"\/wp-content\/themes\/acomba\/images\/image4-380x314.png\" alt=\"Int\u00e9gration \u00e0 Microsoft Office\"><\/p>\r\n\t\t<h4>Benefit from our team's expertise<\/h4>\r\n        <p>For all requests for support related to their development activities, ODBC customers benefit from the same service that is offered to <a href=\"https:\/\/www.acomba.com\/en\/partners\/developers\/\">compatible software developers<\/a>. Requests for support are made by email only and our team usually replies within one working day.<\/p>\r\n    <\/div>\r\n<\/div>\r\n<div class=\"col-md-4\">\r\n    <div class=\"ModulePage__action ModulePage__action--has-promo\"><img decoding=\"async\" src=\"\/wp-content\/uploads-svn\/promo-tag.png\" class=\"tag-promo\"><h3>ODBC for Acomba<\/h3><h2 class=\"ModulePage__action__price\"><sup>$<\/sup>60<sup><\/sup><small>\/month<\/small><\/h2><p class=\"ModulePage__action__soustitre\"><span class='colorAcombaGO'>$0 when you buy a 2<sup>nd<\/sup> module*<\/span><\/p><button class=\"button\" data-target=\"button\" data-id=\"contacter-logiciels_EN\" data-title=\"Contact an advisor\" data-plan=\"ODBC for Acomba\">Contact an advisor<\/button><div class=\"promo-note\">* This promotion is valid until April 30, 2026, inclusively, and applies to Acomba modules and add-ons only. The Acomba and Acomba Construction plans are excluded from the promotion. The value of the product purchased at regular price must be equal to or greater than that of the product obtained free of charge. If the subscription to either of the two modules is cancelled, the 2-for-1 benefit is forfeited.<\/div><\/div> <h3>Technical details<\/h3>\r\n              <div class=\"ModulePage__technical\"><div>\r\n                <p class=\"ModulePage__technical__titre\">Platform<\/p>\r\n                <p>Acomba<\/p>\r\n              <\/div><\/div>\r\n<\/div>\r\n","protected":false},"excerpt":{"rendered":"With the ODBC for Acomba you enjoy a level of access to Acomba data never before possible. Use standard Microsoft tools to create custom reports and applications. Whether you are a programmer or an experienced user, the ODBC for Acomba will help you quickly create reports and applications for your specific needs. Preparing Reports Develop [&hellip;]","protected":false},"author":3,"featured_media":0,"parent":1047,"menu_order":0,"comment_status":"open","ping_status":"open","template":"page_templates\/page2.php","meta":{"_acf_changed":false,"footnotes":""},"categories":[],"tags":[],"class_list":["post-1133","page","type-page","status-publish","hentry"],"acf":[],"_links":{"self":[{"href":"https:\/\/www.acomba.com\/en\/wp-json\/wp\/v2\/pages\/1133","targetHints":{"allow":["GET"]}}],"collection":[{"href":"https:\/\/www.acomba.com\/en\/wp-json\/wp\/v2\/pages"}],"about":[{"href":"https:\/\/www.acomba.com\/en\/wp-json\/wp\/v2\/types\/page"}],"author":[{"embeddable":true,"href":"https:\/\/www.acomba.com\/en\/wp-json\/wp\/v2\/users\/3"}],"replies":[{"embeddable":true,"href":"https:\/\/www.acomba.com\/en\/wp-json\/wp\/v2\/comments?post=1133"}],"version-history":[{"count":26,"href":"https:\/\/www.acomba.com\/en\/wp-json\/wp\/v2\/pages\/1133\/revisions"}],"predecessor-version":[{"id":27675,"href":"https:\/\/www.acomba.com\/en\/wp-json\/wp\/v2\/pages\/1133\/revisions\/27675"}],"up":[{"embeddable":true,"href":"https:\/\/www.acomba.com\/en\/wp-json\/wp\/v2\/pages\/1047"}],"wp:attachment":[{"href":"https:\/\/www.acomba.com\/en\/wp-json\/wp\/v2\/media?parent=1133"}],"wp:term":[{"taxonomy":"category","embeddable":true,"href":"https:\/\/www.acomba.com\/en\/wp-json\/wp\/v2\/categories?post=1133"},{"taxonomy":"post_tag","embeddable":true,"href":"https:\/\/www.acomba.com\/en\/wp-json\/wp\/v2\/tags?post=1133"}],"curies":[{"name":"wp","href":"https:\/\/api.w.org\/{rel}","templated":true}]}}