{"id":19984,"date":"2021-08-09T13:47:58","date_gmt":"2021-08-09T17:47:58","guid":{"rendered":"https:\/\/www.acomba.com\/support\/quelle-est-la-procedure-a-suivre-pour-la-fin-dexercice-financier-de-comptabilite\/"},"modified":"2022-12-22T13:37:20","modified_gmt":"2022-12-22T18:37:20","slug":"what-is-the-procedure-to-follow-to-close-the-year-in-the-general-ledger-program","status":"publish","type":"page","link":"https:\/\/www.acomba.com\/en\/support\/what-is-the-procedure-to-follow-to-close-the-year-in-the-general-ledger-program\/","title":{"rendered":"What Is the Procedure to Follow to Close the Year in the General Ledger Program?"},"content":{"rendered":"<div class=\"sidebar sidebar--utiliserAcombaX\">\r\n\t<div class=\"sidebar__left\">\t\t\r\n\t\t<p class=\"condition\">70<\/p>\r\n\t\t<p>The end of year procedure of the General Ledger application is automatic when closing the last accounting period.<\/p>\r\n\t\t<p>To run the end of year procedure prior to the end of the year, each accounting period must be closed up until the end of the year.\r\n\t\t<\/p>\r\n\t\t<p><strong>Important :<\/strong> It is strongly recommended to take a backup copy before starting the procedure, to retrieve that copy in a new company that will be used as reference and enter the regularization. The procedure can be found in FAQ number 310 <em>How to restore a backup copy to a new company folder<\/em>.<\/p>\r\n\t\t<p><strong>Procedure to follow<\/strong><\/p>\r\n\t\t<ol>\r\n\t\t<li>\r\n\t\t<span>In the <strong>Input<\/strong> menu, select <strong>General Ledger<\/strong>, then <strong>End of Period<\/strong>.<\/span>\r\n\t\t<\/li>\r\n\t\t<li>\r\n\t\t<span><p>When the backup warning window is displayed, click <strong>OK<\/strong>.<\/p>\r\n\t\t<p>\r\n\t\t<img decoding=\"async\" class=\"img-responsive\" src=\"\/wp-content\/uploads-svn\/faq\/procedure-a-suivre-fin-dexercice-financier-de-comptabilite\/img1_EN.GIF\" alt=\"\"><\/p>\r\n\t\t<p>The window outlining the procedure to follow is displayed. From this window, it is possible to print the user's guide by clicking <strong>Open the guide<\/strong>.<\/p><\/span>\r\n\t\t<\/li>\r\n\t\t<li>\r\n\t\t<span>Click <strong>Next<\/strong>.<br>\r\n\t\tThe <strong>End-of-Period<\/strong> window is displayed.\r\n\t\t<img decoding=\"async\" class=\"img-responsive\" src=\"\/wp-content\/uploads-svn\/faq\/procedure-a-suivre-fin-dexercice-financier-de-comptabilite\/img2_EN.GIF\" alt=\"\">\r\n\t\t<\/span><\/li>\r\n\t\t<li>\r\n\t\t<span>In the <strong>Date<\/strong> box, enter the date to display on the reports, usually the last day of the fiscal year.<\/span>\r\n\t\t<\/li>\r\n\t\t<li>\r\n\t\t<span>Select a type of list from the <strong>Update List From Previous Periods<\/strong> group box.<\/span>\r\n\t\t<ul>\r\n\t\t\t<li><span><strong>Only Print New Transactions<\/strong>: Prints a list of transactions for the last period only for those that were added since the closing.<\/span><\/li>\r\n\t\t\t<li><span><strong>Print Complete Lists<\/strong>: Prints a list of all transactions for the last period, therefore the ones entered before and after the closing of the period.<\/span><\/li>\r\n\t\t<\/ul>\r\n\t\t<\/li>\r\n\t\t<li>\r\n\t\t<span>In the <strong>List of Accounts with Transactions<\/strong> group box, select the desired options.<\/span>\r\n\t\t<ul>\r\n\t\t\t<li><span><strong>Print Inactive Accounts<\/strong>: Includes inactive accounts in the list. An account is said to be inactive when there is no transaction entered in relation with the account during the course of a period.<\/span><\/li>\r\n\t\t\t<li><span><strong>Page Break after Each Account<\/strong>: Each account will be printed on a new page.<\/span><\/li>\r\n\t\t<\/ul>\r\n\t\t<img decoding=\"async\" class=\"img-responsive\" src=\"\/wp-content\/uploads-svn\/faq\/procedure-a-suivre-fin-dexercice-financier-de-comptabilite\/img3_EN.GIF\" alt=\"\">\r\n\t\t<\/li>\r\n\t\t<li>\r\n\t\t<span>In the <strong>Retained Earnings<\/strong> window, <strong>Number<\/strong> box, enter the account number in which benefits (or losses) are entered. This account must be of Capital category.\r\n\t\t<img decoding=\"async\" class=\"img-responsive\" src=\"\/wp-content\/uploads-svn\/faq\/procedure-a-suivre-fin-dexercice-financier-de-comptabilite\/img4_EN.GIF\" alt=\"\"><\/span>\r\n\t\t<\/li>\r\n\t\t<li>\r\n\t\t<span>When Cost Analysis is active, the <strong>Reset Project Balance to Zero<\/strong> window is displayed allowing you to reset opening for <strong>Income<\/strong> and <strong>Expense<\/strong> accounts when projects are used as extensions in the chart of accounts.\r\n\t\t<img decoding=\"async\" class=\"img-responsive\" src=\"\/wp-content\/uploads-svn\/faq\/procedure-a-suivre-fin-dexercice-financier-de-comptabilite\/img5_EN.GIF\" alt=\"\"><\/span>\r\n\t\t<\/li>\r\n\t\t<li>\r\n\t\t<span>In the <strong>Transfer Budgets<\/strong> window, select the desired options.<\/span>\r\n\t\t<ul>\r\n\t\t\t<li><span><strong>Transfer Current Year Balances<\/strong>: Select this option to transfer account balances for the current year in a budget column. Then select the column(s) where to transfer them.<\/span><\/li>\r\n\t\t\t<li><span><strong>Transfer Amounts in Budget Columns<\/strong>: Select the destination of the amounts for each column. Amounts found in the selected budget column will be overwritten.<\/span><\/li>\r\n\t\t\t<li>\r\n\t\t\t<span><strong>Increase Budgets<\/strong>: Select the column for which amounts are to be increased or reduced. Enter the change in percent for each category and for each column if needed.\r\n\t\t\t<p><strong>Specific Increase<\/strong>: Modify amounts by account instead of by category.<\/p>\r\n\t\t\t<p><strong>Hint<\/strong>: The <strong>Budget Transfer Wizard<\/strong> command starts the <strong>Budget Transfer Wizard<\/strong>. The wizard ensures a successful transfer. Only the specific increase will need to be done.<\/p>\r\n\t\t\t<p>The <strong>Budget Column Headers<\/strong> window is displayed.<\/p><\/span>\r\n\t\t\t<\/li>\r\n\t\t<\/ul>\r\n\t\t<p><img decoding=\"async\" class=\"img-responsive\" src=\"\/wp-content\/uploads-svn\/faq\/procedure-a-suivre-fin-dexercice-financier-de-comptabilite\/img6_EN.GIF\" alt=\"\"><\/p>\r\n\t\t<\/li>\r\n\t\t<li>\r\n\t\t<span>\r\n\t\t<p>Rename budget column headers to reflect the new fiscal year.<\/p>\r\n\t\t<p><strong>Note<\/strong>: When the Budget Transfer Wizard is used the headers are already changed.<\/p>\r\n\t\t<p>The <strong>Transfer Reconciliation<\/strong> window is displayed.<\/p>\r\n\t\t<p><img decoding=\"async\" class=\"img-responsive\" src=\"\/wp-content\/uploads-svn\/faq\/procedure-a-suivre-fin-dexercice-financier-de-comptabilite\/img7_EN.GIF\" alt=\"\"><\/p>\r\n\t\t<\/span>\r\n\t\t<\/li>\r\n\t\t<li>\r\n\t\t<span>\r\n\t\t<p>Select the account for which to keep outstanding entries to be carried over to the new fiscal year (for example, <strong>Bank<\/strong> category accounts).<\/p>\r\n\t\t<p>The <strong>Annual List of Accounts with Transactions<\/strong> window is displayed.<\/p>\r\n\t\t<p><img decoding=\"async\" class=\"img-responsive\" src=\"\/wp-content\/uploads-svn\/faq\/procedure-a-suivre-fin-dexercice-financier-de-comptabilite\/img8_EN.GIF\" alt=\"\"><\/p>\r\n\t\t<\/span>\r\n\t\t<\/li>\r\n\t\t<li>\r\n\t\t<span>\r\n\t\t<p>Select <strong>Print Annual List of Accounts<\/strong> with Transactions to print an annual list of accounts with transactions for the range of period and accounts specified in the Periods and Accounts boxes.<\/p>\r\n\t\t<p>The <strong>Optional Reports<\/strong> window is displayed.<\/p>\r\n\t\t<p><img decoding=\"async\" class=\"img-responsive\" src=\"\/wp-content\/uploads-svn\/faq\/procedure-a-suivre-fin-dexercice-financier-de-comptabilite\/img9_EN.GIF\" alt=\"\"><\/p>\r\n\t\t<\/span>\r\n\t\t<\/li>\r\n\t\t<li>\r\n\t\t<span>\r\n\t\t<p>If appropriate, select the report templates to print and select <strong>Fiscal Year-end<\/strong>.<\/p>\r\n\t\t<p>The <strong>Summary<\/strong> window is displayed.<\/p>\r\n\t\t<\/span>\r\n\t\t<\/li>\r\n\t\t<li>\r\n\t\t<span>Confirm your selections by clicking <strong>Finish<\/strong>.<\/span>\r\n\t\t<\/li>\r\n\t\t<li>\r\n\t\t<span>\r\n\t\t<p>At the Do you really want to run fiscal year-end procedure? question, click <strong>Yes<\/strong> to continue the fiscal year-end procedure. Click <strong>No<\/strong> to cancel.<\/p>\r\n\t\t<p><img decoding=\"async\" class=\"img-responsive\" src=\"\/wp-content\/uploads-svn\/faq\/procedure-a-suivre-fin-dexercice-financier-de-comptabilite\/img10_FR.GIF\" alt=\"\"><\/p>\r\n\t\t<\/span>\r\n\t\t<\/li>\r\n\t\t<li>\r\n\t\t<span>\r\n\t\t<p>When asked whether you not you wish to back up General Ledger data, answer <strong>Yes<\/strong>.<br>\r\n\t\tThe <strong>Fiscal Year<\/strong> window is displayed.<\/p>\r\n\t\t<p><img decoding=\"async\" class=\"img-responsive\" src=\"\/wp-content\/uploads-svn\/faq\/procedure-a-suivre-fin-dexercice-financier-de-comptabilite\/img11_EN.GIF\" alt=\"\"><\/p>\r\n\t\t<\/span>\r\n\t\t<\/li>\r\n\t\t<li>\r\n\t\t<span>\r\n\t\t<p>Enter the fiscal year and click <strong>OK<\/strong>. The backup process launches.<\/p>\r\n\t\t<p><img decoding=\"async\" class=\"img-responsive\" src=\"\/wp-content\/uploads-svn\/faq\/procedure-a-suivre-fin-dexercice-financier-de-comptabilite\/img12_EN.GIF\" alt=\"\"><\/p>\r\n\t\t<\/span>\r\n\t\t<\/li>\r\n\t\t<li>\r\n\t\t<span>\r\n\t\t<p>At the Do you want to confirm report printing setups individually? question, click <strong>No<\/strong> to confirm printing once for all reports. Click on <strong>Yes<\/strong> to confirm printing for every report<\/p>\r\n\t\t<\/span>\r\n\t\t<\/li>\r\n\t\t<li>\r\n\t\t<span>To ensure that the fiscal year-end procedure was successfully completed, verify that the current period is 1 in the <strong>Company Information<\/strong> window, under the <strong>General Ledger<\/strong> tab.<\/span>\r\n\t\t<\/li>\r\n\t\t<\/ol>\r\n\t\t<p><strong>Receiving the Accountant's Adjustments<\/strong><\/p>\r\n\t\t<p>After analyzing financial statements, the accountant or auditor can transmit adjustment entries. Adjustment entries have to be done in the reference company created using the backup copy made before running the fiscal year-end procedure.<\/p>\r\n\t\t<p>L'inscription de ces \u00e9critures s'effectue dans la copie d'archives de la Comptabilit\u00e9 cr\u00e9\u00e9e pendant la proc\u00e9dure de fin d'exercice.<\/p>\r\n\t\t<p><strong>Procedure<\/strong><\/p>\r\n\t\t<ol>\r\n\t\t<li>\r\n\t\t<span>Open the company  <em>ZGL_CompanyName_FiscalYear<\/em>.<\/span>\r\n\t\t<\/li>\r\n\t\t<li>\r\n\t\t<span>\r\n\t\t<p>Enter the accountant's adjustments.<\/p>\r\n\t\t<p><strong>Note :<\/strong> When adjustments have been recovered using the <strong>Import Changes from Accountant command<\/strong>, they do not have to be entered.<\/p>\r\n\t\t<\/span>\r\n\t\t<\/li>\r\n\t\t<li>\r\n\t\t<span>Print a cumulative trial balance and verify that it is identical to the accountant's adjusted trial balance. (<strong>Report<\/strong> menu, <strong>General Ledger, Financial Reports<\/strong>).<\/span>\r\n\t\t<\/li>\r\n\t\t<li>\r\n\t\t<span>Make another backup copy in order to archive a full data copy at the end of the fiscal year.<\/span>\r\n\t\t<\/li>\r\n\t\t<li>\r\n\t\t<span>\r\n\t\t<p>Close the company <em>ZGL_CompanyName_FiscalYear <\/em>(<strong>File<\/strong> menu, <strong>Close Company<\/strong>).<\/p>\r\n\t\t<p><strong>Note :<\/strong> AIn order to keep a backup copy of the company's data when closing it, it is not recommended to run the fiscal year-end procedure in the reference company <em>ZGL_CompanyName_FiscalYear<\/em>.<\/p>\r\n\t\t<span>\r\n\t\t<\/span><\/span><\/li>\r\n\t\t<li>\r\n\t\t<span>Open the current company.<\/span>\r\n\t\t<\/li>\r\n\t\t<li>\r\n\t\t<span>For each balance sheet account posted by an adjustment entry, adjust the opening balance to be identical to the accountant's adjusted account balances. (<strong>Input<\/strong> menu, <strong>General Ledger, Accounts<\/strong>).<\/span>\r\n\t\t<\/li>\r\n\t\t<li>\r\n\t\t<span>\r\n\t\t<p>Only the opening balances for <strong>Retained Earnings<\/strong> in the major accounts have to be adjusted.<\/p>\r\n\t\t<p><strong>Note :<\/strong> The difference between the total of the adjusted income and expense accounts represents an operating income when income exceeds expenses or an operating loss when expenses exceed income. The opening balance of the <strong>Retained Earnings<\/strong> account can be easily obtained using an opening trial balance or an opening balance sheet provided by the accountant.<\/p>\r\n\t\t<\/span>\r\n\t\t<\/li>\r\n\t\t<li>\r\n\t\t<span>Print an opening trial balance. The trial balance is available via <strong>Report, General Ledger, Financial Reports<\/strong>. The current company's opening trial balance must be identical to the accountant's opening trial balance.<\/span>\r\n\t\t<\/li>\r\n\t\t<\/ol>\t\t\t\t\t\r\n\t<\/div>\r\n<\/div>","protected":false},"excerpt":{"rendered":"70 The end of year procedure of the General Ledger application is automatic when closing the last accounting period. To run the end of year procedure prior to the end of the year, each accounting period must be closed up until the end of the year. Important : It is strongly recommended to take a [&hellip;]","protected":false},"author":13,"featured_media":0,"parent":5955,"menu_order":0,"comment_status":"closed","ping_status":"closed","template":"page_templates\/page2-sans-fil.php","meta":{"_acf_changed":false,"footnotes":""},"categories":[34],"tags":[],"class_list":["post-19984","page","type-page","status-publish","hentry","category-support"],"acf":[],"_links":{"self":[{"href":"https:\/\/www.acomba.com\/en\/wp-json\/wp\/v2\/pages\/19984","targetHints":{"allow":["GET"]}}],"collection":[{"href":"https:\/\/www.acomba.com\/en\/wp-json\/wp\/v2\/pages"}],"about":[{"href":"https:\/\/www.acomba.com\/en\/wp-json\/wp\/v2\/types\/page"}],"author":[{"embeddable":true,"href":"https:\/\/www.acomba.com\/en\/wp-json\/wp\/v2\/users\/13"}],"replies":[{"embeddable":true,"href":"https:\/\/www.acomba.com\/en\/wp-json\/wp\/v2\/comments?post=19984"}],"version-history":[{"count":3,"href":"https:\/\/www.acomba.com\/en\/wp-json\/wp\/v2\/pages\/19984\/revisions"}],"predecessor-version":[{"id":22376,"href":"https:\/\/www.acomba.com\/en\/wp-json\/wp\/v2\/pages\/19984\/revisions\/22376"}],"up":[{"embeddable":true,"href":"https:\/\/www.acomba.com\/en\/wp-json\/wp\/v2\/pages\/5955"}],"wp:attachment":[{"href":"https:\/\/www.acomba.com\/en\/wp-json\/wp\/v2\/media?parent=19984"}],"wp:term":[{"taxonomy":"category","embeddable":true,"href":"https:\/\/www.acomba.com\/en\/wp-json\/wp\/v2\/categories?post=19984"},{"taxonomy":"post_tag","embeddable":true,"href":"https:\/\/www.acomba.com\/en\/wp-json\/wp\/v2\/tags?post=19984"}],"curies":[{"name":"wp","href":"https:\/\/api.w.org\/{rel}","templated":true}]}}