{"id":5920,"date":"2015-09-10T15:40:20","date_gmt":"2015-09-10T19:40:20","guid":{"rendered":"http:\/\/localhost\/sites\/acomba-pprod\/?page_id=5920"},"modified":"2026-02-27T14:19:52","modified_gmt":"2026-02-27T19:19:52","slug":"managing-inventory-and-purchases","status":"publish","type":"page","link":"https:\/\/www.acomba.com\/en\/additional-modules\/managing-inventory-and-purchases\/","title":{"rendered":"Managing stocks and purchases"},"content":{"rendered":"\r\n\r\n<section class=\"banner banner--gestionInventaire\">\r\n\t<div class=\"container\">\r\n\t\t<div class=\"banner__left\">\r\n\t\t\t<h2 class=\"banner__left__titre h3\">Managing stocks and purchases<\/h2>\r\n\t\t\t<p class=\"banner__left__texte\">Manufacturers, wholesalers, distributors and retailers, select the series of functions that best suits your needs in terms of inventory management.<\/p>\r\n\t\t\t<div class=\"banner__left__button\">\r\n\t\t\t\t<button type=\"button\" class=\"button\" data-target=\"form\" data-id=\"tjtaqx1ceey25wanognlmg\" data-title=\"Contact an advisor\">Contact an advisor<\/button>\r\n\t\t\t<\/div>\r\n\t\t<\/div>\r\n\t\t<div class=\"banner__right\">\r\n\t\t\t<img decoding=\"async\" src=\"\/wp-content\/uploads-svn\/img_banner_GestionInventaireCommandes.svg\" alt=\"\">\r\n\t\t<\/div>\r\n\t<\/div>\r\n<\/section>\r\n\r\n<section class=\"mod-col mod-col--3col mod-col--gestionInventaire\" id=\"features\">\r\n\t<div class=\"container\">\r\n\t\t<div class=\"mod-col__texte\">\r\n\t\t\t<h3 class=\"h2\">Key features<\/h3>\r\n\t\t<\/div>\r\n\t\t<ul>\r\n\t\t\t<li>\r\n\t\t\t\t<div class=\"mod-col__icones\">\r\n\t\t\t\t\t<img decoding=\"async\" src=\"\/wp-content\/uploads-svn\/ico_gestionInventaire_listeCategorisation.svg\" alt=\"\">\r\n\t\t\t\t<\/div>\r\n\t\t\t\t<h3>Product list and product categories<\/h3>\r\n\t\t\t\t<p>Define your products based on manufacturers\u2019 data or create and group them according to your own product categories.<\/p>\r\n\t\t\t<\/li>\r\n\t\t\t<li>\r\n\t\t\t\t<div class=\"mod-col__icones\">\r\n\t\t\t\t\t<img decoding=\"async\" src=\"\/wp-content\/uploads-svn\/ico_gestionInventaire_achat.svg\" alt=\"\">\r\n\t\t\t\t<\/div>\r\n\t\t\t\t<h3>Purchasing and receiving goods<\/h3>\r\n\t\t\t\t<p>Simplify the ordering process by defining customized minimum\/maximum stock quantities and link your purchases with the inventory and general ledger applications.<\/p>\r\n\t\t\t<\/li>\r\n\t\t\t<li>\r\n\t\t\t\t<div class=\"mod-col__icones\">\r\n\t\t\t\t\t<img decoding=\"async\" src=\"\/wp-content\/uploads-svn\/ico_gestionInventaire_listePrix.svg\" alt=\"\">\r\n\t\t\t\t<\/div>\r\n\t\t\t\t<h3>Flexible price lists<\/h3>\r\n\t\t\t\t<p>Manage price lists and customize prices according to various calculation methods: cost plus, discount percentage, quantity prices, etc.<\/p>\r\n\t\t\t<\/li>\r\n\t\t\t<li>\r\n\t\t\t\t<div class=\"mod-col__icones\">\r\n\t\t\t\t\t<img decoding=\"async\" src=\"\/wp-content\/uploads-svn\/ico_gestionInventaire_soumissions.svg\" alt=\"\">\r\n\t\t\t\t<\/div>\r\n\t\t\t\t<h3>Quotations and customer orders<\/h3>\r\n\t\t\t\t<p>Deliver customer orders on time by checking stock availability and by creating special orders, if required.<\/p>\r\n\t\t\t<\/li>\r\n\t\t\t\r\n\t\t\t<li>\r\n\t\t\t\t<div class=\"mod-col__icones\">\r\n\t\t\t\t\t<img decoding=\"async\" src=\"\/wp-content\/uploads-svn\/ico_gestionInventaire_production.svg\" alt=\"\">\r\n\t\t\t\t<\/div>\r\n\t\t\t\t<h3>Production of reports<\/h3>\r\n\t\t\t\t<p>Produce various kinds of reports that provide you with valuable information on your assets: inventory value, list of products with serial numbers (tracking), customized inventory analysis based on your own criteria.<\/p>\r\n\t\t\t<\/li>\r\n\t\t<\/ul>\r\n\t<\/div>\r\n<\/section>\r\n\r\n<section class=\"carrousel carrousel--gestionInventaire\">\r\n\t<div class=\"carrousel__container container\">\r\n\t\t<h2>An ergonomic and user-friendly interface that simplifies your operations.<\/h2>\r\n\t\t<div class=\"carrousel__container__slider\">\r\n\t\t\t<div>\r\n\t\t\t\t<div class=\"carrousel__container__slider__slide\">\r\n\t\t\t\t\t<img decoding=\"async\" src=\"\/wp-content\/uploads-svn\/Carrousel_rapport_marchandise_2021_EN.jpg\" alt=\"\">\r\n\t\t\t\t\t<p>Goods to purchase<\/p>\r\n\t\t\t\t<\/div>\r\n\t\t\t<\/div>\r\n\t\t\t<div>\r\n\t\t\t\t<div class=\"carrousel__container__slider__slide\">\r\n\t\t\t\t\t<img decoding=\"async\" src=\"\/wp-content\/uploads-svn\/Carrousel_achat_fournisseur_2021_EN.jpg\" alt=\"\">\r\n\t\t\t\t\t<p>Accounts payable<\/p>\r\n\t\t\t\t<\/div>\r\n\t\t\t<\/div>\r\n\t\t\t<div>\r\n\t\t\t\t<div class=\"carrousel__container__slider__slide\">\r\n\t\t\t\t\t<img decoding=\"async\" src=\"\/wp-content\/uploads-svn\/Carrousel_commande_client_2021_EN.jpg\" alt=\"\">\r\n\t\t\t\t\t<p>Customer order<\/p>\r\n\t\t\t\t<\/div>\r\n\t\t\t<\/div>\r\n\t\t<\/div>\r\n\t<\/div>\r\n<\/section>\r\n\r\n<section class=\"tableauxComparatifs tableauxComparatifs--2col tableauxComparatifs--gestionInventaire promo\" id=\"price\">\r\n\t<div class=\"container\">\r\n\t\t<div class=\"row\">\r\n\t\t\t<div class=\"col-xs-12 col-md-8 col-md-offset-2\">\r\n\t\t\t\t<h2>Prices and detailed functions<\/h2>\r\n\t\t\t\t\r\n\t\t\t\t<p>Among these series of functions, select those you want to add to your <a href=\"https:\/\/www.acomba.com\/en\/support\/assistance-centre\/acomba\/\">Accounting Suite<\/a>.<\/p>\r\n\t\t\t<\/div>\r\n\t\t<\/div>\r\n\t\t<div class=\"tableauxComparatifs__ensemble\">\r\n\t\t\t<div class=\"tableauxComparatifs__ensemble__bloc\">\r\n\t\t\t\t<div class=\"promoTag\"><\/div>\r\n\t\t\t\t<div>\t\r\n\t\t\t\t\t<p class=\"tableauxComparatifs__ensemble__bloc__product\">Acomba<\/p>\r\n\t\t\t\t\t<p class=\"tableauxComparatifs__ensemble__bloc__title\">Inventory<\/p>\t\t\t\t\t\r\n\t\t\t\t\t<h2 class=\"tableauxComparatifs__ensemble__bloc__prix\">\r\n\t\t\t\t\t\t\r\n\t\t\t\t\t\t\t<sup>$<\/sup>56<sup>00<\/sup><small>\/month<\/small>\r\n\t\t\t\t\t\t\r\n\t\t\t\t\t\t\r\n\t\t\t\t\t\t\t\t\t\t\t\t\r\n\t\t\t\t\t<\/h2>\r\n\t\t\t\t\t<div class=\"mb20 semibold colorAcombaGO\">$0 when you buy a 2<sup>nd<\/sup> module*<\/div>\r\n\t\t\t\t\t<p class=\"tableauxComparatifs__ensemble__bloc__soustitre\"><strong>Unlimited<\/strong> technical support<\/p>\r\n\t\t\t\t\t<button class=\"button\" data-target=\"button\" data-id=\"contacter-logiciels_EN\" data-title=\"Contact an advisor\" data-plan=\"Acomba - Inventory\">Contact an advisor<\/button>\r\n\t\t\t\t<\/div>\r\n\t\t\t<\/div>\t\r\n\t\t\t<div class=\"tableauxComparatifs__ensemble__bloc\">\r\n\t\t\t\t<div class=\"promoTag\"><\/div>\r\n\t\t\t\t<div>\r\n\t\t\t\t\t<p class=\"tableauxComparatifs__ensemble__bloc__product\">Acomba<\/p>\r\n\t\t\t\t\t<p class=\"tableauxComparatifs__ensemble__bloc__title\">Orders<\/p>\t\t\t\t\t\r\n\t\t\t\t\t<h2 class=\"tableauxComparatifs__ensemble__bloc__prix\">\r\n\t\t\t\t\t\t\r\n\t\t\t\t\t\t\t<sup>$<\/sup>46<sup>00<\/sup><small>\/month<\/small>\r\n\t\t\t\t\t\t\r\n\t\t\t\t\t\t\r\n\t\t\t\t\t\t\t\t\t\t\t\t\r\n\t\t\t\t\t<\/h2>\r\n\t\t\t\t\t<div class=\"mb20 semibold colorAcombaGO\">$0 when you buy a 2<sup>nd<\/sup> module*<\/div>\r\n\t\t\t\t\t<p class=\"tableauxComparatifs__ensemble__bloc__soustitre\"><strong>Unlimited<\/strong> technical support<\/p>\r\n\t\t\t\t\t<button class=\"button\" data-target=\"button\" data-id=\"contacter-logiciels_EN\" data-title=\"Contact an advisor\" data-plan=\"Acomba - Orders\">Contact an advisor<\/button>\r\n\t\t\t\t<\/div>\t\t\t\t\r\n\t\t\t<\/div>\r\n\t\t<\/div>\r\n\t\t<div class=\"note\">\r\n\t\t\t\r\n\t\t\t\t<p class=\"small\">\r\n\t\t\t\t\t* This promotion is valid until April 30, 2026, inclusively, and applies to Acomba modules and add-ons only. The Acomba and Acomba Construction plans are excluded from the promotion. The value of the product purchased at regular price must be equal to or greater than that of the product obtained free of charge. If the subscription to either of the two modules is cancelled, the 2-for-1 benefit is forfeited.\r\n\t\t\t\t<\/p>\t\r\n\t\t\t\r\n\t\t<\/div>\r\n\t<\/div>\r\n\t<a href=\"#info\" class=\"js-scrollTo\" data-scroll=\"\"><\/a>\r\n<\/section>\r\n\r\n<section class=\"mod-blocs mod-blocs--2blocs mod-blocs--gestionInventaire2__tableaux\" id=\"info\">\r\n\t<div class=\"container\">\r\n\t\t<div class=\"mod-blocs__ensemble\">\r\n\t\t\t<div class=\"mod-blocs__ensemble__bloc\">\r\n\t\t\t\t<div class=\"tableaux tableaux--2col tableaux--gestionInventaire\">\r\n\t\t\t\t\t<h3>Inventory<\/h3>\r\n\t\t\t\t\t<div class=\"tableaux__content tableaux--accordeon\">\r\n\t\t\t\t\t\t<div class=\"tableaux--accordeon__head\">Stock management<\/div>\r\n\t\t\t\t\t\t<div class=\"tableaux--accordeon__tableau\">\r\n\t\t\t\t\t\t\t<table>\r\n\t\t\t\t\t\t\t\t<tbody>\r\n\t\t\t\t\t\t\t\t\t<tr class=\"titre\">\r\n\t\t\t\t\t\t\t\t\t\t<td>Additional products<\/td>\r\n\t\t\t\t\t\t\t\t\t\t<td><i class=\"chevron\"><\/i><\/td>\r\n\t\t\t\t\t\t\t\t\t<\/tr>\r\n\t\t\t\t\t\t\t\t\t<tr>\r\n\t\t\t\t\t\t\t\t\t\t<td>Price adjustment<\/td>\r\n\t\t\t\t\t\t\t\t\t\t<td><i class=\"chevron\"><\/i><\/td>\r\n\t\t\t\t\t\t\t\t\t<\/tr>\r\n\t\t\t\t\t\t\t\t\t<tr>\r\n\t\t\t\t\t\t\t\t\t\t<td>Price lists<\/td>\r\n\t\t\t\t\t\t\t\t\t\t<td><i class=\"chevron\"><\/i><\/td>\r\n\t\t\t\t\t\t\t\t\t<\/tr>\r\n\t\t\t\t\t\t\t\t\t<tr>\r\n\t\t\t\t\t\t\t\t\t\t<td>Product label printing<\/td>\r\n\t\t\t\t\t\t\t\t\t\t<td><i class=\"chevron\"><\/i><\/td>\r\n\t\t\t\t\t\t\t\t\t<\/tr>\r\n\t\t\t\t\t\t\t\t\t<tr>\r\n\t\t\t\t\t\t\t\t\t\t<td>Product label configuration<\/td>\r\n\t\t\t\t\t\t\t\t\t\t<td><i class=\"chevron\"><\/i><\/td>\r\n\t\t\t\t\t\t\t\t\t<\/tr>\r\n\t\t\t\t\t\t\t\t\t<tr>\r\n\t\t\t\t\t\t\t\t\t\t<td>Product location<\/td>\r\n\t\t\t\t\t\t\t\t\t\t<td><i class=\"chevron\"><\/i><\/td>\r\n\t\t\t\t\t\t\t\t\t<\/tr>\r\n\t\t\t\t\t\t\t\t\t<tr>\r\n\t\t\t\t\t\t\t\t\t\t<td>Units of measure<\/td>\r\n\t\t\t\t\t\t\t\t\t\t<td><i class=\"chevron\"><\/i><\/td>\r\n\t\t\t\t\t\t\t\t\t<\/tr>\r\n\t\t\t\t\t\t\t\t\t<tr>\r\n\t\t\t\t\t\t\t\t\t\t<td>Supplier products<\/td>\r\n\t\t\t\t\t\t\t\t\t\t<td><i class=\"chevron\"><\/i><\/td>\r\n\t\t\t\t\t\t\t\t\t<\/tr>\r\n\t\t\t\t\t\t\t\t\t<tr>\r\n\t\t\t\t\t\t\t\t\t\t<td>Inventory management<\/td>\r\n\t\t\t\t\t\t\t\t\t\t<td><i class=\"chevron\"><\/i><\/td>\r\n\t\t\t\t\t\t\t\t\t<\/tr>\r\n\t\t\t\t\t\t\t\t\t<tr>\r\n\t\t\t\t\t\t\t\t\t\t<td>Product categories<\/td>\r\n\t\t\t\t\t\t\t\t\t\t<td><i class=\"chevron\"><\/i><\/td>\r\n\t\t\t\t\t\t\t\t\t<\/tr>\r\n\t\t\t\t\t\t\t\t\t<tr>\r\n\t\t\t\t\t\t\t\t\t\t<td>Cost and sales prices<\/td>\r\n\t\t\t\t\t\t\t\t\t\t<td><i class=\"chevron\"><\/i><\/td>\r\n\t\t\t\t\t\t\t\t\t<\/tr>\r\n\t\t\t\t\t\t\t\t\t<tr>\r\n\t\t\t\t\t\t\t\t\t\t<td>Additional fees (ecofees, deposit)<\/td>\r\n\t\t\t\t\t\t\t\t\t\t<td><i class=\"chevron\"><\/i><\/td>\r\n\t\t\t\t\t\t\t\t\t<\/tr>\r\n\t\t\t\t\t\t\t\t\t<tr>\r\n\t\t\t\t\t\t\t\t\t\t<td>Viewing profit in real time (encoded)<\/td>\r\n\t\t\t\t\t\t\t\t\t\t<td><i class=\"chevron\"><\/i><\/td>\r\n\t\t\t\t\t\t\t\t\t<\/tr>\r\n\t\t\t\t\t\t\t\t\t<tr>\r\n\t\t\t\t\t\t\t\t\t\t<td>Actual profit (FIFO)<\/td>\r\n\t\t\t\t\t\t\t\t\t\t<td><i class=\"chevron\"><\/i><\/td>\r\n\t\t\t\t\t\t\t\t\t<\/tr>\r\n\t\t\t\t\t\t\t\t\t<tr>\r\n\t\t\t\t\t\t\t\t\t\t<td>Kit management<\/td>\r\n\t\t\t\t\t\t\t\t\t\t<td><i class=\"chevron\"><\/i><\/td>\r\n\t\t\t\t\t\t\t\t\t<\/tr>\r\n\t\t\t\t\t\t\t\t\t<tr>\r\n\t\t\t\t\t\t\t\t\t\t<td>Serial number management<\/td>\r\n\t\t\t\t\t\t\t\t\t\t<td><i class=\"chevron\"><\/i><\/td>\r\n\t\t\t\t\t\t\t\t\t<\/tr>\r\n\t\t\t\t\t\t\t\t\t<tr>\r\n\t\t\t\t\t\t\t\t\t\t<td>Inventory value<\/td>\r\n\t\t\t\t\t\t\t\t\t\t<td><i class=\"chevron\"><\/i><\/td>\r\n\t\t\t\t\t\t\t\t\t<\/tr>\r\n\t\t\t\t\t\t\t\t<\/tbody>\r\n\t\t\t\t\t\t\t<\/table>\r\n\t\t\t\t\t\t<\/div>\r\n\t\t\t\t\t<\/div>\r\n\t\t\t\t\t<div class=\"tableaux__content tableaux--accordeon\">\r\n\t\t\t\t\t\t<div class=\"tableaux--accordeon__head\">Report and analyze<\/div>\r\n\t\t\t\t\t\t<div class=\"tableaux--accordeon__tableau\">\r\n\t\t\t\t\t\t\t<table>\r\n\t\t\t\t\t\t\t\t<tbody>\r\n\t\t\t\t\t\t\t\t\t<tr>\r\n\t\t\t\t\t\t\t\t\t\t<td>List of products<\/td>\r\n\t\t\t\t\t\t\t\t\t\t<td><i class=\"chevron\"><\/i><\/td>\r\n\t\t\t\t\t\t\t\t\t<\/tr>\r\n\t\t\t\t\t\t\t\t\t<tr>\r\n\t\t\t\t\t\t\t\t\t\t<td>Inventory count<\/td>\r\n\t\t\t\t\t\t\t\t\t\t<td><i class=\"chevron\"><\/i><\/td>\r\n\t\t\t\t\t\t\t\t\t<\/tr>\r\n\t\t\t\t\t\t\t\t\t<tr>\r\n\t\t\t\t\t\t\t\t\t\t<td>Goods not received<\/td>\r\n\t\t\t\t\t\t\t\t\t\t<td><i class=\"chevron\"><\/i><\/td>\r\n\t\t\t\t\t\t\t\t\t<\/tr>\r\n\t\t\t\t\t\t\t\t\t<tr>\r\n\t\t\t\t\t\t\t\t\t\t<td>Goods to purchase<\/td>\r\n\t\t\t\t\t\t\t\t\t\t<td><i class=\"chevron\"><\/i><\/td>\r\n\t\t\t\t\t\t\t\t\t<\/tr>\r\n\t\t\t\t\t\t\t\t\t<tr>\r\n\t\t\t\t\t\t\t\t\t\t<td>Inventory analysis<\/td>\r\n\t\t\t\t\t\t\t\t\t\t<td><i class=\"chevron\"><\/i><\/td>\r\n\t\t\t\t\t\t\t\t\t<\/tr>\r\n\t\t\t\t\t\t\t\t\t<tr>\r\n\t\t\t\t\t\t\t\t\t\t<td>List of product categories<\/td>\r\n\t\t\t\t\t\t\t\t\t\t<td><i class=\"chevron\"><\/i><\/td>\r\n\t\t\t\t\t\t\t\t\t<\/tr>\r\n\t\t\t\t\t\t\t\t\t<tr>\r\n\t\t\t\t\t\t\t\t\t\t<td>Inventory change<\/td>\r\n\t\t\t\t\t\t\t\t\t\t<td><i class=\"chevron\"><\/i><\/td>\r\n\t\t\t\t\t\t\t\t\t<\/tr>\r\n\t\t\t\t\t\t\t\t\t<tr>\r\n\t\t\t\t\t\t\t\t\t\t<td>Purchase journal<\/td>\r\n\t\t\t\t\t\t\t\t\t\t<td><i class=\"chevron\"><\/i><\/td>\r\n\t\t\t\t\t\t\t\t\t<\/tr>\r\n\t\t\t\t\t\t\t\t\t<tr>\r\n\t\t\t\t\t\t\t\t\t\t<td>Purchase report<\/td>\r\n\t\t\t\t\t\t\t\t\t\t<td><i class=\"chevron\"><\/i><\/td>\r\n\t\t\t\t\t\t\t\t\t<\/tr>\r\n\t\t\t\t\t\t\t\t\t<tr>\r\n\t\t\t\t\t\t\t\t\t\t<td>Inventory value<\/td>\r\n\t\t\t\t\t\t\t\t\t\t<td><i class=\"chevron\"><\/i><\/td>\r\n\t\t\t\t\t\t\t\t\t<\/tr>\r\n\t\t\t\t\t\t\t\t\t<tr>\r\n\t\t\t\t\t\t\t\t\t\t<td>List of supplier products<\/td>\r\n\t\t\t\t\t\t\t\t\t\t<td><i class=\"chevron\"><\/i><\/td>\r\n\t\t\t\t\t\t\t\t\t<\/tr>\r\n\t\t\t\t\t\t\t\t\t<tr>\r\n\t\t\t\t\t\t\t\t\t\t<td>Customers on hold<\/td>\r\n\t\t\t\t\t\t\t\t\t\t<td><i class=\"chevron\"><\/i><\/td>\r\n\t\t\t\t\t\t\t\t\t<\/tr>\r\n\t\t\t\t\t\t\t\t\t<tr>\r\n\t\t\t\t\t\t\t\t\t\t<td>Hourly sales analysis<\/td>\r\n\t\t\t\t\t\t\t\t\t\t<td><i class=\"chevron\"><\/i><\/td>\r\n\t\t\t\t\t\t\t\t\t<\/tr>\r\n\t\t\t\t\t\t\t\t<\/tbody>\r\n\t\t\t\t\t\t\t<\/table>\r\n\t\t\t\t\t\t<\/div>\r\n\t\t\t\t\t<\/div>\r\n\t\t\t\t<\/div>\r\n\t\t\t<\/div>\r\n\t\t\t<div class=\"mod-blocs__ensemble__bloc\">\r\n\t\t\t\t<div class=\"tableaux tableaux--2col tableaux--gestionInventaire\">\r\n\t\t\t\t\t<h3>Orders<\/h3>\r\n\t\t\t\t\t<div class=\"tableaux__content tableaux--accordeon\">\r\n\t\t\t\t\t\t<div class=\"tableaux--accordeon__head\">Purchases and orders<\/div>\r\n\t\t\t\t\t\t<div class=\"tableaux--accordeon__tableau\">\r\n\t\t\t\t\t\t\t<table>\r\n\t\t\t\t\t\t\t\t<tbody>\r\n\t\t\t\t\t\t\t\t\t<tr class=\"titre\">\r\n\t\t\t\t\t\t\t\t\t\t<td>Purchases and orders<\/td>\r\n\t\t\t\t\t\t\t\t\t\t<td><i class=\"chevron\"><\/i><\/td>\r\n\t\t\t\t\t\t\t\t\t<\/tr>\r\n\t\t\t\t\t\t\t\t\t<tr class=\"titre\">\r\n\t\t\t\t\t\t\t\t\t\t<td>Purchase of goods<\/td>\r\n\t\t\t\t\t\t\t\t\t\t<td><i class=\"chevron\"><\/i><\/td>\r\n\t\t\t\t\t\t\t\t\t<\/tr>\r\n\t\t\t\t\t\t\t\t\t<tr class=\"titre\">\r\n\t\t\t\t\t\t\t\t\t\t<td>Receipt of goods<\/td>\r\n\t\t\t\t\t\t\t\t\t\t<td><i class=\"chevron\"><\/i><\/td>\r\n\t\t\t\t\t\t\t\t\t<\/tr>\r\n\t\t\t\t\t\t\t\t\t<tr class=\"titre\">\r\n\t\t\t\t\t\t\t\t\t\t<td>Delivery slips<\/td>\r\n\t\t\t\t\t\t\t\t\t\t<td><i class=\"chevron\"><\/i><\/td>\r\n\t\t\t\t\t\t\t\t\t<\/tr>\r\n\t\t\t\t\t\t\t\t\t<tr class=\"titre\">\r\n\t\t\t\t\t\t\t\t\t\t<td>Customer orders<\/td>\r\n\t\t\t\t\t\t\t\t\t\t<td><i class=\"chevron\"><\/i><\/td>\r\n\t\t\t\t\t\t\t\t\t<\/tr>\r\n\t\t\t\t\t\t\t\t\t<tr class=\"titre\">\r\n\t\t\t\t\t\t\t\t\t\t<td>Quotations<\/td>\r\n\t\t\t\t\t\t\t\t\t\t<td><i class=\"chevron\"><\/i><\/td>\r\n\t\t\t\t\t\t\t\t\t<\/tr>\r\n\t\t\t\t\t\t\t\t<\/tbody>\r\n\t\t\t\t\t\t\t<\/table>\r\n\t\t\t\t\t\t<\/div>\r\n\t\t\t\t\t<\/div>\r\n\t\t\t\t\t<div class=\"tableaux__content tableaux--accordeon\">\r\n\t\t\t\t\t\t<div class=\"tableaux--accordeon__head\">Report and analyze<\/div>\r\n\t\t\t\t\t\t<div class=\"tableaux--accordeon__tableau\">\r\n\t\t\t\t\t\t\t<table>\r\n\t\t\t\t\t\t\t\t<tbody>\r\n\t\t\t\t\t\t\t\t\t<tr>\r\n\t\t\t\t\t\t\t\t\t\t<td>Customers on hold<\/td>\r\n\t\t\t\t\t\t\t\t\t\t<td><i class=\"chevron\"><\/i><\/td>\r\n\t\t\t\t\t\t\t\t\t<\/tr>\r\n\t\t\t\t\t\t\t\t\t<tr>\r\n\t\t\t\t\t\t\t\t\t\t<td>Hourly sales analysis<\/td>\r\n\t\t\t\t\t\t\t\t\t\t<td><i class=\"chevron\"><\/i><\/td>\r\n\t\t\t\t\t\t\t\t\t<\/tr>\r\n\t\t\t\t\t\t\t\t\t<tr>\r\n\t\t\t\t\t\t\t\t\t\t<td>Order journal<\/td>\r\n\t\t\t\t\t\t\t\t\t\t<td><i class=\"chevron\"><\/i><\/td>\r\n\t\t\t\t\t\t\t\t\t<\/tr>\r\n\t\t\t\t\t\t\t\t\t<tr>\r\n\t\t\t\t\t\t\t\t\t\t<td>Quotation report<\/td>\r\n\t\t\t\t\t\t\t\t\t\t<td><i class=\"chevron\"><\/i><\/td>\r\n\t\t\t\t\t\t\t\t\t<\/tr>\r\n\t\t\t\t\t\t\t\t\t<tr>\r\n\t\t\t\t\t\t\t\t\t\t<td>Profit analysis<\/td>\r\n\t\t\t\t\t\t\t\t\t\t<td><i class=\"chevron\"><\/i><\/td>\r\n\t\t\t\t\t\t\t\t\t<\/tr>\r\n\t\t\t\t\t\t\t\t\t<tr>\r\n\t\t\t\t\t\t\t\t\t\t<td>Product analysis<\/td>\r\n\t\t\t\t\t\t\t\t\t\t<td><i class=\"chevron\"><\/i><\/td>\r\n\t\t\t\t\t\t\t\t\t<\/tr>\r\n\t\t\t\t\t\t\t\t\t<tr>\r\n\t\t\t\t\t\t\t\t\t\t<td>Quotation report<\/td>\r\n\t\t\t\t\t\t\t\t\t\t<td><i class=\"chevron\"><\/i><\/td>\r\n\t\t\t\t\t\t\t\t\t<\/tr>\r\n\t\t\t\t\t\t\t\t\t<tr>\r\n\t\t\t\t\t\t\t\t\t\t<td>Open order report<\/td>\r\n\t\t\t\t\t\t\t\t\t\t<td><i class=\"chevron\"><\/i><\/td>\r\n\t\t\t\t\t\t\t\t\t<\/tr>\r\n\t\t\t\t\t\t\t\t\t<tr>\r\n\t\t\t\t\t\t\t\t\t\t<td>Supplier notes<\/td>\r\n\t\t\t\t\t\t\t\t\t\t<td><i class=\"chevron\"><\/i><\/td>\r\n\t\t\t\t\t\t\t\t\t<\/tr>\r\n\t\t\t\t\t\t\t\t<\/tbody>\r\n\t\t\t\t\t\t\t<\/table>\r\n\t\t\t\t\t\t<\/div>\r\n\t\t\t\t\t<\/div>\r\n\t\t\t\t<\/div>\r\n\t\t\t<\/div>\r\n\t\t<\/div>\r\n\t<\/div>\r\n<\/section>\r\n\r\n<section class=\"info_tech_table info_tech_table_gray info_tech_table--gestionInventaire\">\r\n\t<div class=\"container\">\r\n\t\t<h3>Technical information<\/h3>\r\n\t\t<table>\r\n\t\t\t<tbody>\r\n\t\t\t\t<tr>\r\n\t\t\t\t\t<td>Platform<\/td>\r\n\t\t\t\t\t<td><strong>Acomba<\/strong><\/td>\r\n\t\t\t\t<\/tr>\r\n\t\t\t\t<tr>\r\n\t\t\t\t\t<td>Other Acomba applications required<\/td>\r\n\t\t\t\t\t<td>Accounting Suite. The Inventory module is required in order to use the Orders module.<\/td>\r\n\t\t\t\t<\/tr>\r\n\t\t\t\t<tr>\r\n\t\t\t\t\t<td>Configuration requirements<\/td>\r\n\t\t\t\t\t<td><a href=\"\" data-target=\"#ConfigurationRequise\" data-toggle=\"modal\">Show details<\/a><\/td>\r\n\t\t\t\t<\/tr>\r\n\t\t\t<\/tbody>\r\n\t\t<\/table>\r\n\t<\/div>\r\n<\/section>\r\n\r\n<section class=\"mod-blocs mod-blocs--3blocs mod-blocs--gestionInventaire__recommandations\">\r\n\t<div class=\"container\">\r\n\t\t<h3 class=\"h2\">We also recommend<\/h3>\r\n\t\t<div class=\"mod-blocs__ensemble\">\r\n\t\t\t<div class=\"mod-blocs__ensemble__bloc\">\r\n\t\t\t\t<div>\r\n\t\t\t\t\t<p><a href=\"https:\/\/www.acomba.com\/en\/solutions\/acomba-e-commerce\/\" class=\"h3\">e-commerce<\/a><\/p>\r\n\t\t\t\t\t<p>Launch and manage an online store which connects directly to your inventory and general ledger applications.<\/p>\r\n\t\t\t\t<\/div>\r\n\t\t\t\t<div>\r\n\t\t\t\t\t<a class=\"button\" href=\"https:\/\/www.acomba.com\/en\/solutions\/acomba-e-commerce\/\">Learn more<\/a>\r\n\t\t\t\t<\/div>\r\n\t\t\t<\/div>\r\n\t\t\t<div class=\"mod-blocs__ensemble__bloc\">\r\n\t\t\t\t<div>\r\n\t\t\t\t\t<p><a href=\"https:\/\/www.acomba.com\/en\/additional-modules\/xpli-sites\/\" class=\"h3\">XPLI-SITES<\/a><\/p>\r\n\t\t\t\t\t<p>G\u00e9rez des stocks localis\u00e9s dans diff\u00e9rents entrep\u00f4ts ou de multiples succursales.<\/p>\r\n\t\t\t\t<\/div>\r\n\t\t\t\t<div>\r\n\t\t\t\t\t<a class=\"button\" href=\"https:\/\/www.acomba.com\/en\/additional-modules\/xpli-sites\/\">Learn more<\/a>\r\n\t\t\t\t<\/div>\r\n\t\t\t<\/div>\r\n\t\t\t<div class=\"mod-blocs__ensemble__bloc\">\r\n\t\t\t\t\r\n\t\t\t\t<div>\r\n\t\t\t\t\t<p><a href=\"https:\/\/www.acomba.com\/en\/additional-modules\/payroll\/\" class=\"h3\">Payroll<\/a><\/p>\r\n\t\t\t\t\t<p>Reduce your expenses by producing your own payrolls and government slips for your employees.<\/p>\r\n\t\t\t\t<\/div>\r\n\t\t\t\t<div>\r\n\t\t\t\t\t<a href=\"https:\/\/www.acomba.com\/en\/additional-modules\/payroll\/\" class=\"button\">Learn more<\/a>\r\n\t\t\t\t<\/div>\r\n\t\t\t<\/div>\r\n\t\t<\/div>\r\n\t<\/div>\r\n<\/section>\r\n\r\n<div id=\"ConfigurationRequise\" class=\"modal modal--refonte modal--acomba in\" aria-hidden=\"false\" role=\"dialog\" tabindex=\"-1\">\r\n\t<div class=\"modal-dialog\">\r\n\t\t<button class=\"close\" aria-hidden=\"true\" data-dismiss=\"modal\" type=\"button\">\u00d7<\/button>\r\n\t\t<div class=\"modal__container\">\r\n\t\t\t<h3>Configuration and material requirements<\/h3>\r\n\t\t\t<div class=\"modal__container__tableau\">\r\n\t\t\t\t<table>\r\n\t\t\t\t\t<tbody>\r\n\t\t\t\t\t\t<tr><th>Acomba<\/th><\/tr>\r\n\t\t\t\t\t\t<tr><td><strong>Processor<\/strong> <br>Intel Pentium IV or AMD equivalent <br>(1.8 GHz or more)<\/td><\/tr>\r\n\t\t\t\t\t\t<tr><td><strong>RAM<\/strong> <br>2 GB<\/td><\/tr>\r\n\t\t\t\t\t\t<tr><td><strong>Operating system<\/strong> <br>Windows 8 and higher<\/td><\/tr>\r\n\t\t\t\t\t\t<tr><td><strong>Minimum screen resolution<\/strong> <br>\u2014<\/td><\/tr>\r\n\t\t\t\t\t\t<tr class=\"infosSupplementaires\"><td><strong>View detailed information <a href=\"\/wp-content\/uploads-svn\/pdf\/Prerequis-installation_Acomba_EN.pdf\" target=\"_blank\" rel=\"noopener\">for Acomba <\/a><\/strong><\/td><\/tr>\r\n\t\t\t\t\t<\/tbody>\r\n\t\t\t\t<\/table>\r\n\t\t\t<\/div>\r\n\t\t\t<p class=\"condition\">Certain functions for exporting reports or sending emails require Microsoft Office 2007 or a higher version (Office 365 not supported).<\/p>\r\n\t\t<\/div>\r\n\t<\/div>\r\n<\/div>","protected":false},"excerpt":{"rendered":"Managing stocks and purchases Manufacturers, wholesalers, distributors and retailers, select the series of functions that best suits your needs in terms of inventory management. Contact an advisor Key features Product list and product categories Define your products based on manufacturers\u2019 data or create and group them according to your own product categories. Purchasing and receiving [&hellip;]","protected":false},"author":3,"featured_media":0,"parent":1047,"menu_order":0,"comment_status":"open","ping_status":"open","template":"page_templates\/template_sans_fil_ariane.php","meta":{"_acf_changed":false,"footnotes":""},"categories":[],"tags":[],"class_list":["post-5920","page","type-page","status-publish","hentry"],"acf":[],"_links":{"self":[{"href":"https:\/\/www.acomba.com\/en\/wp-json\/wp\/v2\/pages\/5920","targetHints":{"allow":["GET"]}}],"collection":[{"href":"https:\/\/www.acomba.com\/en\/wp-json\/wp\/v2\/pages"}],"about":[{"href":"https:\/\/www.acomba.com\/en\/wp-json\/wp\/v2\/types\/page"}],"author":[{"embeddable":true,"href":"https:\/\/www.acomba.com\/en\/wp-json\/wp\/v2\/users\/3"}],"replies":[{"embeddable":true,"href":"https:\/\/www.acomba.com\/en\/wp-json\/wp\/v2\/comments?post=5920"}],"version-history":[{"count":31,"href":"https:\/\/www.acomba.com\/en\/wp-json\/wp\/v2\/pages\/5920\/revisions"}],"predecessor-version":[{"id":27709,"href":"https:\/\/www.acomba.com\/en\/wp-json\/wp\/v2\/pages\/5920\/revisions\/27709"}],"up":[{"embeddable":true,"href":"https:\/\/www.acomba.com\/en\/wp-json\/wp\/v2\/pages\/1047"}],"wp:attachment":[{"href":"https:\/\/www.acomba.com\/en\/wp-json\/wp\/v2\/media?parent=5920"}],"wp:term":[{"taxonomy":"category","embeddable":true,"href":"https:\/\/www.acomba.com\/en\/wp-json\/wp\/v2\/categories?post=5920"},{"taxonomy":"post_tag","embeddable":true,"href":"https:\/\/www.acomba.com\/en\/wp-json\/wp\/v2\/tags?post=5920"}],"curies":[{"name":"wp","href":"https:\/\/api.w.org\/{rel}","templated":true}]}}